{"id":28,"date":"2021-11-14T22:01:53","date_gmt":"2021-11-14T19:01:53","guid":{"rendered":"https:\/\/barcelonadriver.com\/?page_id=28"},"modified":"2021-12-04T16:06:51","modified_gmt":"2021-12-04T13:06:51","slug":"shopping","status":"publish","type":"page","link":"https:\/\/barcelonadriver.com\/es\/shopping\/","title":{"rendered":"Compras"},"content":{"rendered":"<p>Comprar en Barcelona es un aut\u00e9ntico placer. Las cosas m\u00e1s lujosas y elegantes de La Roca espa\u00f1ola se pueden comprar durante todo el a\u00f1o con un 60% de descuento. Adem\u00e1s de los precios excepcionalmente bajos en La Roca Outlet, recibir\u00e1 un excelente servicio. El personal de La Roca te rodear\u00e1 de atenci\u00f3n y hospitalidad. Caf\u00e9s y restaurantes con estrella Michelin con buena cocina y vinos en el territorio de La Roca Village en Barcelona no dejar\u00e1n que te mueras de hambre despu\u00e9s de agotadoras horas de compras. La Roca Village de Barcelona abre de lunes a domingo de 10 a 21 h. Durante las vacaciones de Navidad, del 19 de diciembre al 10 de enero, La Roca permanece abierta hasta las 22 h. La excepci\u00f3n es el 24 y 31 de diciembre, cuando La Roca Outlet cierra a las 7 p.m. Wi-Fi gratuito est\u00e1 disponible en toda La Roca Village en Espa\u00f1a.<\/p>\n","protected":false},"excerpt":{"rendered":"<p>Comprar en Barcelona es un aut\u00e9ntico placer. Las cosas m\u00e1s lujosas y elegantes de La Roca espa\u00f1ola se pueden comprar durante todo el a\u00f1o con un 60% de descuento. Adem\u00e1s de los precios excepcionalmente bajos en La Roca Outlet, recibir\u00e1 un excelente servicio. El personal de La Roca te rodear\u00e1 de atenci\u00f3n y hospitalidad. Caf\u00e9s [&hellip;]<\/p>\n","protected":false},"author":1,"featured_media":177,"parent":0,"menu_order":1,"comment_status":"closed","ping_status":"closed","template":"page\/page-shopping.php","meta":{"_joinchat":[],"footnotes":""},"class_list":["post-28","page","type-page","status-publish","has-post-thumbnail","hentry"],"_links":{"self":[{"href":"https:\/\/barcelonadriver.com\/es\/wp-json\/wp\/v2\/pages\/28","targetHints":{"allow":["GET"]}}],"collection":[{"href":"https:\/\/barcelonadriver.com\/es\/wp-json\/wp\/v2\/pages"}],"about":[{"href":"https:\/\/barcelonadriver.com\/es\/wp-json\/wp\/v2\/types\/page"}],"author":[{"embeddable":true,"href":"https:\/\/barcelonadriver.com\/es\/wp-json\/wp\/v2\/users\/1"}],"replies":[{"embeddable":true,"href":"https:\/\/barcelonadriver.com\/es\/wp-json\/wp\/v2\/comments?post=28"}],"version-history":[{"count":0,"href":"https:\/\/barcelonadriver.com\/es\/wp-json\/wp\/v2\/pages\/28\/revisions"}],"wp:featuredmedia":[{"embeddable":true,"href":"https:\/\/barcelonadriver.com\/es\/wp-json\/wp\/v2\/media\/177"}],"wp:attachment":[{"href":"https:\/\/barcelonadriver.com\/es\/wp-json\/wp\/v2\/media?parent=28"}],"curies":[{"name":"wp","href":"https:\/\/api.w.org\/{rel}","templated":true}]}}