{"id":26,"date":"2021-11-14T22:01:43","date_gmt":"2021-11-14T19:01:43","guid":{"rendered":"https:\/\/barcelonadriver.com\/?page_id=26"},"modified":"2021-11-24T02:34:00","modified_gmt":"2021-11-23T23:34:00","slug":"photographer","status":"publish","type":"page","link":"https:\/\/barcelonadriver.com\/es\/photographer\/","title":{"rendered":"Fot\u00f3grafo"},"content":{"rendered":"<p>Barcelona es una ciudad fabulosa en el mar Mediterr\u00e1neo, imbuida del asombroso ambiente de la Edad Media, combinado armoniosamente con las impactantes creaciones de Gaud\u00ed. Una sesi\u00f3n de fotos en la ciudad m\u00e1s famosa de Espa\u00f1a ser\u00e1 una aut\u00e9ntica aventura. Barrio g\u00f3tico, estatua de Crist\u00f3bal Col\u00f3n, fant\u00e1stica catedral de la Sagrada Familia, casa de la Casa Mil\u00e1, Bunker del Carmel: una sesi\u00f3n de fotos en Barcelona es comparable a un viaje en el tiempo en compa\u00f1\u00eda de nuestro fot\u00f3grafo profesional. Todo es muy sencillo. Ahora no necesitas recorrer miles de foros, busca qui\u00e9n estar\u00e1 en Espa\u00f1a en las fechas que necesites, desperdicia semanas de tu tiempo. Especialmente para los usuarios de nuestro sitio web Barcelona Driver, ofrecemos los servicios de un fot\u00f3grafo profesional de habla rusa que trabaja en toda Barcelona y Catalu\u00f1a.<\/p>\n","protected":false},"excerpt":{"rendered":"<p>Barcelona es una ciudad fabulosa en el mar Mediterr\u00e1neo, imbuida del asombroso ambiente de la Edad Media, combinado armoniosamente con las impactantes creaciones de Gaud\u00ed. Una sesi\u00f3n de fotos en la ciudad m\u00e1s famosa de Espa\u00f1a ser\u00e1 una aut\u00e9ntica aventura. Barrio g\u00f3tico, estatua de Crist\u00f3bal Col\u00f3n, fant\u00e1stica catedral de la Sagrada Familia, casa de la [&hellip;]<\/p>\n","protected":false},"author":1,"featured_media":175,"parent":0,"menu_order":2,"comment_status":"closed","ping_status":"closed","template":"page\/page-photo.php","meta":{"_joinchat":[],"footnotes":""},"class_list":["post-26","page","type-page","status-publish","has-post-thumbnail","hentry"],"_links":{"self":[{"href":"https:\/\/barcelonadriver.com\/es\/wp-json\/wp\/v2\/pages\/26","targetHints":{"allow":["GET"]}}],"collection":[{"href":"https:\/\/barcelonadriver.com\/es\/wp-json\/wp\/v2\/pages"}],"about":[{"href":"https:\/\/barcelonadriver.com\/es\/wp-json\/wp\/v2\/types\/page"}],"author":[{"embeddable":true,"href":"https:\/\/barcelonadriver.com\/es\/wp-json\/wp\/v2\/users\/1"}],"replies":[{"embeddable":true,"href":"https:\/\/barcelonadriver.com\/es\/wp-json\/wp\/v2\/comments?post=26"}],"version-history":[{"count":0,"href":"https:\/\/barcelonadriver.com\/es\/wp-json\/wp\/v2\/pages\/26\/revisions"}],"wp:featuredmedia":[{"embeddable":true,"href":"https:\/\/barcelonadriver.com\/es\/wp-json\/wp\/v2\/media\/175"}],"wp:attachment":[{"href":"https:\/\/barcelonadriver.com\/es\/wp-json\/wp\/v2\/media?parent=26"}],"curies":[{"name":"wp","href":"https:\/\/api.w.org\/{rel}","templated":true}]}}