{"id":15,"date":"2021-11-14T22:00:34","date_gmt":"2021-11-14T19:00:34","guid":{"rendered":"https:\/\/barcelonadriver.com\/?page_id=15"},"modified":"2021-12-02T20:46:41","modified_gmt":"2021-12-02T17:46:41","slug":"about-company","status":"publish","type":"page","link":"https:\/\/barcelonadriver.com\/es\/about-company\/","title":{"rendered":"Acerca de la compa\u00f1\u00eda"},"content":{"rendered":"<p>BARCELONA DRIVER es un equipo de profesionales, una empresa que ofrece traslados y excursiones en Barcelona y otras ciudades. Podemos encargar autos de cualquier clase con un conductor y gu\u00eda personal. Adem\u00e1s de elegir una clase, puede alquilar coches de varias capacidades. En nuestra flota hay autos de las siguientes categor\u00edas: est\u00e1ndar, clase ejecutiva, clase ejecutiva, minivans, SUV, minibuses. Sabemos c\u00f3mo hacer la vida de nuestros clientes m\u00e1s c\u00f3moda y econ\u00f3mica. Por lo tanto, de forma absolutamente gratuita durante el viaje, los pasajeros pueden obtener agua y utilizar WI-FI. Adem\u00e1s, el coche te esperar\u00e1 en el aeropuerto durante una hora sin cargo. Puede pagar con nosotros tanto con tarjeta como con PayPal y de otras formas posibles. Y para los clientes habituales, ofrecemos un sistema flexible de descuentos.<\/p>\n","protected":false},"excerpt":{"rendered":"<p>BARCELONA DRIVER es un equipo de profesionales, una empresa que ofrece traslados y excursiones en Barcelona y otras ciudades. Podemos encargar autos de cualquier clase con un conductor y gu\u00eda personal. Adem\u00e1s de elegir una clase, puede alquilar coches de varias capacidades. En nuestra flota hay autos de las siguientes categor\u00edas: est\u00e1ndar, clase ejecutiva, clase [&hellip;]<\/p>\n","protected":false},"author":1,"featured_media":105,"parent":0,"menu_order":6,"comment_status":"closed","ping_status":"closed","template":"page\/page-company.php","meta":{"_joinchat":[],"footnotes":""},"class_list":["post-15","page","type-page","status-publish","has-post-thumbnail","hentry"],"_links":{"self":[{"href":"https:\/\/barcelonadriver.com\/es\/wp-json\/wp\/v2\/pages\/15","targetHints":{"allow":["GET"]}}],"collection":[{"href":"https:\/\/barcelonadriver.com\/es\/wp-json\/wp\/v2\/pages"}],"about":[{"href":"https:\/\/barcelonadriver.com\/es\/wp-json\/wp\/v2\/types\/page"}],"author":[{"embeddable":true,"href":"https:\/\/barcelonadriver.com\/es\/wp-json\/wp\/v2\/users\/1"}],"replies":[{"embeddable":true,"href":"https:\/\/barcelonadriver.com\/es\/wp-json\/wp\/v2\/comments?post=15"}],"version-history":[{"count":0,"href":"https:\/\/barcelonadriver.com\/es\/wp-json\/wp\/v2\/pages\/15\/revisions"}],"wp:featuredmedia":[{"embeddable":true,"href":"https:\/\/barcelonadriver.com\/es\/wp-json\/wp\/v2\/media\/105"}],"wp:attachment":[{"href":"https:\/\/barcelonadriver.com\/es\/wp-json\/wp\/v2\/media?parent=15"}],"curies":[{"name":"wp","href":"https:\/\/api.w.org\/{rel}","templated":true}]}}